{"id":132,"date":"2024-01-03T19:59:16","date_gmt":"2024-01-03T18:59:16","guid":{"rendered":"https:\/\/blog.sylvaindebaisieux.com\/?page_id=132"},"modified":"2024-02-26T22:31:10","modified_gmt":"2024-02-26T21:31:10","slug":"interviews","status":"publish","type":"page","link":"https:\/\/blog.sylvaindebaisieux.com\/index.php\/interviews\/","title":{"rendered":"Interviews"},"content":{"rendered":"\n<p class=\"has-text-align-center has-black-color has-white-background-color has-text-color has-background has-link-color has-medium-font-size wp-elements-a806b2e0c6b2a640b6b014e97d60fd8e\" style=\"font-style:normal;font-weight:600;letter-spacing:1px\">Discussions et interviews autour d&rsquo;un caf\u00e9 sur divers th\u00e8mes qui me tiennent \u00e0 c\u0153ur. <\/p>\n\n\n\n<hr class=\"wp-block-separator has-alpha-channel-opacity is-style-dots\"\/>\n\n\n\n<p class=\"has-medium-font-size\" style=\"text-decoration:underline\">La Belgique, un pays accueillant pour les musicien\u00b7ne\u00b7s \u00e9tranger\u00b7e\u00b7s ?<\/p>\n\n\n\n<p class=\"has-medium-font-size\"><br>J\u2019ai fait une s\u00e9rie d\u2019interviews avec des ami\u00b7e\u00b7s musicien\u00b7ne\u00b7s qui viennent d\u2019ailleurs et qui se sont install\u00e9\u00b7e\u00b7s en Belgique depuis quelques ann\u00e9es. Je voulais leur poser des questions sur leur parcours, sur leur arriv\u00e9e \u00e0 Bruxelles et comment iels se sentent accueilli\u00b7e\u00b7s dans la ville et sur la sc\u00e8ne musicale belge. On y parle de jam sessions, de conservatoire, de mauvais temps, de nourriture, du statut d&rsquo;artiste, de racisme, de sexisme, de visa, et de bien d&rsquo;autres choses encore. <br><br>Dans un premier temps, j&rsquo;ai interrog\u00e9 des personnes qui sont actives sur la sc\u00e8ne du jazz, et qui  \u2013 par la force des choses \u2013 sont arriv\u00e9es \u00e0 Bruxelles par le biais du conservatoire. Mais je n&rsquo;exclus pas d&rsquo;autres entretiens avec des profils diff\u00e9rents ! <br><br>Le but n&rsquo;est pas de dicter des v\u00e9rit\u00e9s, mais de pouvoir mieux comprendre certains parcours, de cr\u00e9er des r\u00e9flexions et des discussions, de percevoir les probl\u00e9matiques r\u00e9currentes ou les choses qu&rsquo;on peut essayer de changer. J&rsquo;ai beaucoup appris lors de ces interviews et j&rsquo;ai pris beaucoup de plaisir \u00e0 \u00e9couter toutes ces histoires. J&rsquo;esp\u00e8re que vous en prendrez autant en les lisant. Merci aux participant\u00b7e\u00b7s qui ont accept\u00e9 de r\u00e9pondre \u00e0 mes questions et merci \u00e0 vous pour votre lecture ! <br><br>N&rsquo;h\u00e9sitez pas \u00e0 laisser des commentaires, \u00e0 me contacter si vous avez des propositions, des r\u00e9flexions,&#8230;<br><\/p>\n\n\n\n<ol class=\"wp-block-list\">\n<li class=\"has-medium-font-size\"><a href=\"https:\/\/blog.sylvaindebaisieux.com\/index.php\/entretien-avec-wajdi-riahi\/\"><strong>Wajdi Riahi<\/strong><\/a><\/li>\n\n\n\n<li class=\"has-medium-font-size\"><strong><a href=\"https:\/\/blog.sylvaindebaisieux.com\/index.php\/fil-caporali\/\">Fil Caporali<\/a><\/strong><\/li>\n\n\n\n<li class=\"has-medium-font-size\"><strong><a href=\"https:\/\/blog.sylvaindebaisieux.com\/index.php\/conversation-with-tao-yu\/\">Tao Yu<\/a><\/strong><\/li>\n\n\n\n<li class=\"has-medium-font-size\"><strong><a href=\"https:\/\/blog.sylvaindebaisieux.com\/index.php\/entretien-avec-tomas-rivera\/\">Tomas Rivera<\/a><\/strong><\/li>\n\n\n\n<li class=\"has-medium-font-size\"><strong><a href=\"https:\/\/blog.sylvaindebaisieux.com\/index.php\/entretien-avec-alejandra-borzyk\/\">Alejandra Borzyk<\/a><\/strong><\/li>\n\n\n\n<li class=\"has-medium-font-size\"><strong><a href=\"https:\/\/blog.sylvaindebaisieux.com\/index.php\/conversation-with-chaeyeon-lee\/\">Chaeyeon Lee<\/a><\/strong><\/li>\n\n\n\n<li class=\"has-medium-font-size\"><strong><a href=\"https:\/\/blog.sylvaindebaisieux.com\/index.php\/entretien-avec-pierre-antoine-savoyat\/\">Pierre-Antoine Savoyat<\/a><\/strong><\/li>\n<\/ol>\n\n\n\n<hr class=\"wp-block-separator has-alpha-channel-opacity is-style-dots\"\/>\n\n\n\n<p><\/p>\n","protected":false},"excerpt":{"rendered":"<p>Discussions et interviews autour d&rsquo;un caf\u00e9 sur divers th\u00e8mes qui me tiennent \u00e0 c\u0153ur. La Belgique, un pays accueillant pour les musicien\u00b7ne\u00b7s \u00e9tranger\u00b7e\u00b7s ? J\u2019ai fait une s\u00e9rie d\u2019interviews avec des ami\u00b7e\u00b7s musicien\u00b7ne\u00b7s qui viennent d\u2019ailleurs et qui se sont install\u00e9\u00b7e\u00b7s en Belgique depuis quelques ann\u00e9es. Je voulais leur poser des questions sur leur parcours,&#8230; <a class=\"more-link\" href=\"https:\/\/blog.sylvaindebaisieux.com\/index.php\/interviews\/\">Continue reading <span class=\"meta-nav\">&#8594;<\/span><\/a><\/p>\n","protected":false},"author":1,"featured_media":0,"parent":0,"menu_order":0,"comment_status":"open","ping_status":"closed","template":"","meta":{"footnotes":""},"class_list":["post-132","page","type-page","status-publish","hentry"],"_links":{"self":[{"href":"https:\/\/blog.sylvaindebaisieux.com\/index.php\/wp-json\/wp\/v2\/pages\/132","targetHints":{"allow":["GET"]}}],"collection":[{"href":"https:\/\/blog.sylvaindebaisieux.com\/index.php\/wp-json\/wp\/v2\/pages"}],"about":[{"href":"https:\/\/blog.sylvaindebaisieux.com\/index.php\/wp-json\/wp\/v2\/types\/page"}],"author":[{"embeddable":true,"href":"https:\/\/blog.sylvaindebaisieux.com\/index.php\/wp-json\/wp\/v2\/users\/1"}],"replies":[{"embeddable":true,"href":"https:\/\/blog.sylvaindebaisieux.com\/index.php\/wp-json\/wp\/v2\/comments?post=132"}],"version-history":[{"count":77,"href":"https:\/\/blog.sylvaindebaisieux.com\/index.php\/wp-json\/wp\/v2\/pages\/132\/revisions"}],"predecessor-version":[{"id":822,"href":"https:\/\/blog.sylvaindebaisieux.com\/index.php\/wp-json\/wp\/v2\/pages\/132\/revisions\/822"}],"wp:attachment":[{"href":"https:\/\/blog.sylvaindebaisieux.com\/index.php\/wp-json\/wp\/v2\/media?parent=132"}],"curies":[{"name":"wp","href":"https:\/\/api.w.org\/{rel}","templated":true}]}}