{"id":843,"date":"2025-06-03T22:14:00","date_gmt":"2025-06-03T20:14:00","guid":{"rendered":"https:\/\/blog.sylvaindebaisieux.com\/?page_id=843"},"modified":"2026-01-20T14:41:59","modified_gmt":"2026-01-20T13:41:59","slug":"podcasts","status":"publish","type":"page","link":"https:\/\/blog.sylvaindebaisieux.com\/index.php\/podcasts\/","title":{"rendered":"PODCASTS"},"content":{"rendered":"\n<p class=\"has-text-align-left has-medium-font-size\"><strong>#Et Maintenant On Fait Quoi ? <\/strong><br>R\u00e9flexions sur le sens de nos pratiques artistiques dans un monde en basculement<br><br><br>Ces derniers temps, j\u2019ai commenc\u00e9 une s\u00e9rie de discussions autour de la question du sens de nos pratiques artistiques dans un monde en basculement. Qu\u2019on le veuille ou non, il est aujourd\u2019hui extr\u00eamement compliqu\u00e9 de ne pas \u00eatre affect\u00e9 par les bouleversements qui traversent notre \u00e9poque, qu\u2019ils soient politiques, sociaux, \u00e9conomiques, \u00e9cologique, humains, technologiques, etc.<br><br>Plut\u00f4t que d\u2019essayer de mettre tout le monde d\u2019accord sur une d\u00e9marche \u00e0 suivre ou sur une vision unique de la r\u00e9alit\u00e9, j\u2019ai plut\u00f4t voulu comprendre ce qui avait pouss\u00e9 les personnes que j\u2019interroge \u00e0 faire de la musique, et ce qu\u2019impliquait ce choix pour leur parcours personnel \u2013 pour mieux percevoir les r\u00e9alit\u00e9s du quotidien de notre m\u00e9tier et s&rsquo;interroger sur notre relation avec le reste du monde. <br><br>Au final, comme toujours, chaque discussion est impr\u00e9visible et am\u00e8ne vers des r\u00e9flexions et du partage de points de vue qui me semblent essentiels, que ce soit sur le d\u00e9veloppement personnel, sur le sens que l\u2019on veut donner \u00e0 notre art, sur les diff\u00e9rentes mani\u00e8res de s\u2019en sortir financi\u00e8rement en tant qu\u2019artiste en Belgique, sur les politiques de nos gouvernements, sur la mani\u00e8re de voyager lors d\u2019une tourn\u00e9e, sur la mani\u00e8re d\u2019envisager la r\u00e9ussite artistique, sur l\u2019influence des m\u00e9dias et des r\u00e9seaux sociaux sur nos quotidiens, sur l\u2019impact des plateformes de streaming sur le march\u00e9 musical, sur les discriminations dans nos milieux,\u2026 Bref, de nombreuses questions qui m\u00e9riteraient chacune des heures de discussions. Il est int\u00e9ressant de voir que m\u00eame pour des sujets qui nous semblent \u00e9vidents, et m\u00eame lorsqu\u2019on ne fait qu\u2019effleurer certains points, il en ressort d\u00e9j\u00e0 des visions tr\u00e8s diff\u00e9rentes de la r\u00e9alit\u00e9. Cela me semblait important de partager cela avec vous.<br><br>Gr\u00e2ce \u00e0 l\u2019aide technique de la Jazz Station et de leur studio Jazz Lines, j\u2019ai donc enregistr\u00e9 ces discussions sous forme de podcasts, avec un.e invit\u00e9.e \u00e0 chaque fois. Apr\u00e8s avoir coup\u00e9 les moments d\u2019h\u00e9sitations et les passages moins clairs, il en reste des \u00e9pisodes de 30 \u00e0 45 minutes que, j\u2019esp\u00e8re, vous \u00e9couterez avec autant de plaisir et int\u00e9r\u00eat que nous avons eu \u00e0 les enregistrer.<br><br>Bonne \u00e9coute\u00a0!<br><br><em>Ces \u00e9pisodes ont \u00e9t\u00e9 enregistr\u00e9s dans les studios \u00ab\u00a0Jazz Lines\u00a0\u00bb gr\u00e2ce \u00e0 l&rsquo;\u00e9quipe de la Jazzstation, Bruxelles. Merci \u00e0 eux ! <\/em><\/p>\n\n\n\n<h2 class=\"wp-block-heading\">Episode 1 &#8211; Sarah Klenes<\/h2>\n\n\n\n<p class=\"has-medium-font-size\"><\/p>\n\n\n\n<figure class=\"wp-block-embed is-type-rich is-provider-spotify wp-block-embed-spotify wp-embed-aspect-21-9 wp-has-aspect-ratio\"><div class=\"wp-block-embed__wrapper\">\n<iframe title=\"Spotify Embed: Entretien avec Sarah Klenes\" style=\"border-radius: 12px\" width=\"100%\" height=\"152\" frameborder=\"0\" allowfullscreen allow=\"autoplay; clipboard-write; encrypted-media; fullscreen; picture-in-picture\" loading=\"lazy\" src=\"https:\/\/open.spotify.com\/embed\/episode\/2tDY1o2ssCHiUIuLpMtusD?si=-rrrV6dFS3-bGsaS9JynDg&#038;utm_source=oembed\"><\/iframe>\n<\/div><\/figure>\n\n\n\n<p>Vous pouvez t\u00e9l\u00e9charger directement le fichier audio en suivant <a href=\"https:\/\/blog.sylvaindebaisieux.com\/wp-content\/uploads\/2025\/06\/1-SARAH-KLENES-Et-Maintenant-On-Fait-Quoi.mp3\">ce lien<\/a><\/p>\n\n\n\n<h2 class=\"wp-block-heading\">Episode 2 &#8211; Alain Pierre<\/h2>\n\n\n\n<p><\/p>\n\n\n\n<figure class=\"wp-block-embed is-type-rich is-provider-spotify wp-block-embed-spotify wp-embed-aspect-21-9 wp-has-aspect-ratio\"><div class=\"wp-block-embed__wrapper\">\n<iframe title=\"Spotify Embed: Entretien avec Alain Pierre\" style=\"border-radius: 12px\" width=\"100%\" height=\"152\" frameborder=\"0\" allowfullscreen allow=\"autoplay; clipboard-write; encrypted-media; fullscreen; picture-in-picture\" loading=\"lazy\" src=\"https:\/\/open.spotify.com\/embed\/show\/4BXOqGN2nkPnhD1ofE5nct?utm_source=oembed\"><\/iframe>\n<\/div><\/figure>\n\n\n\n<p>Vous pouvez t\u00e9l\u00e9charger directement le fichier audio en suivant <a href=\"https:\/\/blog.sylvaindebaisieux.com\/wp-content\/uploads\/2025\/06\/2-1-Et-Maintenant-On-Fait-Quoi-Entretien-avec-Alain-Pierre.mp3\" data-type=\"attachment\" data-id=\"889\">ce lien<\/a><\/p>\n","protected":false},"excerpt":{"rendered":"<p>#Et Maintenant On Fait Quoi ? R\u00e9flexions sur le sens de nos pratiques artistiques dans un monde en basculement Ces derniers temps, j\u2019ai commenc\u00e9 une s\u00e9rie de discussions autour de la question du sens de nos pratiques artistiques dans un monde en basculement. Qu\u2019on le veuille ou non, il est aujourd\u2019hui extr\u00eamement compliqu\u00e9 de ne&#8230; <a class=\"more-link\" href=\"https:\/\/blog.sylvaindebaisieux.com\/index.php\/podcasts\/\">Continue reading <span class=\"meta-nav\">&#8594;<\/span><\/a><\/p>\n","protected":false},"author":1,"featured_media":0,"parent":0,"menu_order":0,"comment_status":"closed","ping_status":"closed","template":"","meta":{"footnotes":""},"class_list":["post-843","page","type-page","status-publish","hentry"],"_links":{"self":[{"href":"https:\/\/blog.sylvaindebaisieux.com\/index.php\/wp-json\/wp\/v2\/pages\/843","targetHints":{"allow":["GET"]}}],"collection":[{"href":"https:\/\/blog.sylvaindebaisieux.com\/index.php\/wp-json\/wp\/v2\/pages"}],"about":[{"href":"https:\/\/blog.sylvaindebaisieux.com\/index.php\/wp-json\/wp\/v2\/types\/page"}],"author":[{"embeddable":true,"href":"https:\/\/blog.sylvaindebaisieux.com\/index.php\/wp-json\/wp\/v2\/users\/1"}],"replies":[{"embeddable":true,"href":"https:\/\/blog.sylvaindebaisieux.com\/index.php\/wp-json\/wp\/v2\/comments?post=843"}],"version-history":[{"count":29,"href":"https:\/\/blog.sylvaindebaisieux.com\/index.php\/wp-json\/wp\/v2\/pages\/843\/revisions"}],"predecessor-version":[{"id":903,"href":"https:\/\/blog.sylvaindebaisieux.com\/index.php\/wp-json\/wp\/v2\/pages\/843\/revisions\/903"}],"wp:attachment":[{"href":"https:\/\/blog.sylvaindebaisieux.com\/index.php\/wp-json\/wp\/v2\/media?parent=843"}],"curies":[{"name":"wp","href":"https:\/\/api.w.org\/{rel}","templated":true}]}}